{"id":14514,"date":"2026-02-26T04:37:31","date_gmt":"2026-02-26T03:37:31","guid":{"rendered":"https:\/\/rowermax.shop\/ro64\/produkt\/rower-gorski-mtb-dzieciecy-rockrider-expl-500-26\/"},"modified":"2026-02-26T04:37:31","modified_gmt":"2026-02-26T03:37:31","slug":"rower-gorski-mtb-dzieciecy-rockrider-expl-500-26","status":"publish","type":"product","link":"https:\/\/bikario.shop\/ro64\/produkt\/rower-gorski-mtb-dzieciecy-rockrider-expl-500-26\/","title":{"rendered":"Rower g\u00f3rski MTB dzieci\u0119cy Rockrider Expl 500 26&quot;"},"content":{"rendered":"<div style=\"font-family: Arial, sans-serif; line-height: 1.6; color: #333; padding: 20px; clear: both; display: block; width: 100%; float: none; position: static; overflow: hidden;\">\n<div style=\"clear: both; display: block; margin: 10px 0;\">\n<div style=\"clear: both; display: block; margin: 10px 0;\">\n<div style=\"clear: both; display: block; margin: 10px 0;\">\n<h2>Rower g\u00f3rski MTB dzieci\u0119cy Rockrider Expl 500 26&#8243;<\/h2>\n<h3 style=\"color: #2c5aa0; font-size: 18px; margin: 30px 0 15px 0; font-weight: bold; clear: both; display: block; width: 100%; float: none; position: static;\">Stworzyli\u015bmy ten rower g\u00f3rski dla dzieci od 9 do 12 lat (135 do 155 cm) do regularnej jazdy MTB i \u0142atwego pokonywania przeszk\u00f3d. Mo\u017cesz jecha\u0107 wsz\u0119dzie, przy mniejszym wysi\u0142ku! Wi\u0119ksze ko\u0142a tego MTB pozwalaj\u0105 nieustraszonym m\u0142odym kolarzom mierzy\u0107 si\u0119 z trudnym terenem. Komfortowy: wi\u0119kszy dystans przy ka\u017cdym obrocie korb.<\/h3>\n<\/div>\n<\/div>\n<\/div>\n<div style=\"clear: both; display: block; margin: 10px 0;\">\n<div style=\"clear: both; display: block; margin: 10px 0;\">\n<div style=\"clear: both; display: block; margin: 10px 0;\">\n<div  style=\"max-width:400px;max-height:400px\">\n<div style=\"clear: both; display: block; margin: 10px 0;\">\n<div style=\"clear: both; width: 100%; display: block; margin: 20px 0; padding: 0; float: none; position: static; text-align: center;\"><img decoding=\"async\"  src=\"https:\/\/a.allegroimg.com\/original\/11c626\/5c97a3bd4bdd9149bfb5b59a00d7\/Rower-gorski-MTB-dzieciecy-Rockrider-Expl-500-26\" srcset=\"https:\/\/a.allegroimg.com\/original\/11c626\/5c97a3bd4bdd9149bfb5b59a00d7\/Rower-gorski-MTB-dzieciecy-Rockrider-Expl-500-26 360w,https:\/\/a.allegroimg.com\/original\/11c626\/5c97a3bd4bdd9149bfb5b59a00d7\/Rower-gorski-MTB-dzieciecy-Rockrider-Expl-500-26 400w,https:\/\/a.allegroimg.com\/original\/11c626\/5c97a3bd4bdd9149bfb5b59a00d7\/Rower-gorski-MTB-dzieciecy-Rockrider-Expl-500-26 400w\" sizes=\"(min-width: 1200px) 560px, (min-width: 992px) 50vw, 100vw\" width=\"400px\" alt=\"Rower g\u00f3rski MTB dzieci\u0119cy Rockrider Expl 500 26&amp;quot;\" style=\"max-width: 100%; height: auto; display: block; margin: 0 auto;\"><\/div>\n<\/div>\n<\/div>\n<\/div>\n<\/div>\n<div style=\"clear: both; display: block; margin: 10px 0;\">\n<div style=\"clear: both; display: block; margin: 10px 0;\">\n<h3 style=\"color: #2c5aa0; font-size: 18px; margin: 30px 0 15px 0; font-weight: bold; clear: both; display: block; width: 100%; float: none; position: static;\">Stworzyli\u015bmy ram\u0119 z aluminium, dla wi\u0119kszej wygody i lekko\u015bci. Znaczne nachylenie ramy umo\u017cliwia korzystanie dzieciom od 135 cm do 150 cm z roweru na 26-calowych ko\u0142ach: mali kolarze mog\u0105 \u0142atwo wsiada\u0107 i zsiada\u0107 z roweru, dzi\u0119ki obni\u017ceniu ramy.<\/h3>\n<\/div>\n<\/div>\n<\/div>\n<div style=\"clear: both; display: block; margin: 10px 0;\">\n<div style=\"clear: both; display: block; margin: 10px 0;\">\n<div style=\"clear: both; display: block; margin: 10px 0;\">\n<p style=\"margin: 15px 0; line-height: 1.8; clear: both; display: block; width: 100%; float: none; position: static;\">Wi\u0119ksza \u015brednica k\u00f3\u0142 pozwala \u0142atwiej poch\u0142ania\u0107 wstrz\u0105sy na korzeniach i kamieniach. Na zjazdach rama jest bardziej pozioma, co u\u0142atwia kierowanie. Wi\u0119ksze ko\u0142a to tak\u017ce wi\u0119kszy komfort jazdy, a na jednym obrocie peda\u0142\u00f3w pokonujesz wi\u0119kszy dystans!<\/p>\n<\/div>\n<\/div>\n<div style=\"clear: both; display: block; margin: 10px 0;\">\n<div style=\"clear: both; display: block; margin: 10px 0;\">\n<div  style=\"max-width:400px;max-height:400px\">\n<div style=\"clear: both; display: block; margin: 10px 0;\">\n<div style=\"clear: both; width: 100%; display: block; margin: 20px 0; padding: 0; float: none; position: static; text-align: center;\"><img decoding=\"async\"  src=\"https:\/\/a.allegroimg.com\/original\/11f74b\/40eec8a24044b492fc5ee3d008b2\/Rower-gorski-MTB-dzieciecy-Rockrider-Expl-500-26-Stan-opakowania-oryginalne\" srcset=\"https:\/\/a.allegroimg.com\/original\/11f74b\/40eec8a24044b492fc5ee3d008b2\/Rower-gorski-MTB-dzieciecy-Rockrider-Expl-500-26-Stan-opakowania-oryginalne 360w,https:\/\/a.allegroimg.com\/original\/11f74b\/40eec8a24044b492fc5ee3d008b2\/Rower-gorski-MTB-dzieciecy-Rockrider-Expl-500-26-Stan-opakowania-oryginalne 400w,https:\/\/a.allegroimg.com\/original\/11f74b\/40eec8a24044b492fc5ee3d008b2\/Rower-gorski-MTB-dzieciecy-Rockrider-Expl-500-26-Stan-opakowania-oryginalne 400w\" sizes=\"(min-width: 1200px) 560px, (min-width: 992px) 50vw, 100vw\" width=\"400px\" alt=\"Rower g\u00f3rski MTB dzieci\u0119cy Rockrider Expl 500 26&amp;quot; Stan opakowania oryginalne\" style=\"max-width: 100%; height: auto; display: block; margin: 0 auto;\"><\/div>\n<\/div>\n<\/div>\n<\/div>\n<\/div>\n<\/div>\n<div style=\"clear: both; display: block; margin: 10px 0;\">\n<div style=\"clear: both; display: block; margin: 10px 0;\">\n<div style=\"clear: both; display: block; margin: 10px 0;\">\n<div  style=\"max-width:400px;max-height:400px\">\n<div style=\"clear: both; display: block; margin: 10px 0;\">\n<div style=\"clear: both; width: 100%; display: block; margin: 20px 0; padding: 0; float: none; position: static; text-align: center;\"><img decoding=\"async\"  src=\"https:\/\/a.allegroimg.com\/original\/115d46\/b8e31fb14b98a1a3b9b32337fee2\/Rower-gorski-MTB-dzieciecy-Rockrider-Expl-500-26-Stopien-zlozenia-wstepnie-zlozony-wyregulowany\" srcset=\"https:\/\/a.allegroimg.com\/original\/115d46\/b8e31fb14b98a1a3b9b32337fee2\/Rower-gorski-MTB-dzieciecy-Rockrider-Expl-500-26-Stopien-zlozenia-wstepnie-zlozony-wyregulowany 360w,https:\/\/a.allegroimg.com\/original\/115d46\/b8e31fb14b98a1a3b9b32337fee2\/Rower-gorski-MTB-dzieciecy-Rockrider-Expl-500-26-Stopien-zlozenia-wstepnie-zlozony-wyregulowany 400w,https:\/\/a.allegroimg.com\/original\/115d46\/b8e31fb14b98a1a3b9b32337fee2\/Rower-gorski-MTB-dzieciecy-Rockrider-Expl-500-26-Stopien-zlozenia-wstepnie-zlozony-wyregulowany 400w\" sizes=\"(min-width: 1200px) 560px, (min-width: 992px) 50vw, 100vw\" width=\"400px\" alt=\"Rower g\u00f3rski MTB dzieci\u0119cy Rockrider Expl 500 26&amp;quot; Stopie\u0144 z\u0142o\u017cenia wst\u0119pnie z\u0142o\u017cony, wyregulowany\" style=\"max-width: 100%; height: auto; display: block; margin: 0 auto;\"><\/div>\n<\/div>\n<\/div>\n<\/div>\n<\/div>\n<div style=\"clear: both; display: block; margin: 10px 0;\">\n<div style=\"clear: both; display: block; margin: 10px 0;\">\n<p style=\"margin: 15px 0; line-height: 1.8; clear: both; display: block; width: 100%; float: none; position: static;\">Odkryj \u0142atwo\u015b\u0107 i efektywno\u015b\u0107 u\u017cytkowania nap\u0119du jednorz\u0119dowego: 1 koronka 34 z\u0119by i 7 bieg\u00f3w z ty\u0142u (wolnobieg Mega range z z\u0119batkami 14-34). Z jedn\u0105 manetk\u0105 na kierownicy zmiana bieg\u00f3w staje si\u0119 dziecinnie prosta. Manetka cynglowa umo\u017cliwia zmian\u0119 na wy\u017cszy lub ni\u017cszy bieg jednym ruchem palca. Zakres nap\u0119du pozwala przyspieszy\u0107 w p\u0142askim terenie i \u0142atwo stawi\u0107 czo\u0142a wzniesieniom.<\/p>\n<\/div>\n<\/div>\n<\/div>\n<div style=\"clear: both; display: block; margin: 10px 0;\">\n<div style=\"clear: both; display: block; margin: 10px 0;\">\n<div style=\"clear: both; display: block; margin: 10px 0;\">\n<p style=\"margin: 15px 0; line-height: 1.8; clear: both; display: block; width: 100%; float: none; position: static;\">Zaprojektowali\u015bmy klamki hamulcowe przybli\u017cone do kierownicy, \u0142atwe do chwycenia, poniewa\u017c dzieci maj\u0105 mniejsze d\u0142onie od doros\u0142ych. Aluminiowa klamka jest przyjemna w dotyku. Klamki obs\u0142uguj\u0105 2 kamulce szcz\u0119kowe typu V-brake. S\u0105 one zbudowane z 2 szcz\u0119k wyposa\u017conych w klocki, kt\u00f3re s\u0142abiej lub mocniej zaciskaj\u0105 si\u0119 na obr\u0119czy, aby spowolni\u0107 lub zatrzyma\u0107 obroty k\u00f3\u0142.<\/p>\n<\/div>\n<\/div>\n<div style=\"clear: both; display: block; margin: 10px 0;\">\n<div style=\"clear: both; display: block; margin: 10px 0;\">\n<div  style=\"max-width:400px;max-height:400px\">\n<div style=\"clear: both; display: block; margin: 10px 0;\">\n<div style=\"clear: both; width: 100%; display: block; margin: 20px 0; padding: 0; float: none; position: static; text-align: center;\"><img decoding=\"async\"  src=\"https:\/\/a.allegroimg.com\/original\/111eeb\/998ca57c40e39d7d4058d030c9d4\/Rower-gorski-MTB-dzieciecy-Rockrider-Expl-500-26-Kod-producenta-4719121\" srcset=\"https:\/\/a.allegroimg.com\/original\/111eeb\/998ca57c40e39d7d4058d030c9d4\/Rower-gorski-MTB-dzieciecy-Rockrider-Expl-500-26-Kod-producenta-4719121 360w,https:\/\/a.allegroimg.com\/original\/111eeb\/998ca57c40e39d7d4058d030c9d4\/Rower-gorski-MTB-dzieciecy-Rockrider-Expl-500-26-Kod-producenta-4719121 400w,https:\/\/a.allegroimg.com\/original\/111eeb\/998ca57c40e39d7d4058d030c9d4\/Rower-gorski-MTB-dzieciecy-Rockrider-Expl-500-26-Kod-producenta-4719121 400w\" sizes=\"(min-width: 1200px) 560px, (min-width: 992px) 50vw, 100vw\" width=\"400px\" alt=\"Rower g\u00f3rski MTB dzieci\u0119cy Rockrider Expl 500 26&amp;quot; Kod producenta 4719121\" style=\"max-width: 100%; height: auto; display: block; margin: 0 auto;\"><\/div>\n<\/div>\n<\/div>\n<\/div>\n<\/div>\n<\/div>\n<div style=\"clear: both; display: block; margin: 10px 0;\">\n<div style=\"clear: both; display: block; margin: 10px 0;\">\n<div style=\"clear: both; display: block; margin: 10px 0;\">\n<div  style=\"max-width:400px;max-height:400px\">\n<div style=\"clear: both; display: block; margin: 10px 0;\">\n<div style=\"clear: both; width: 100%; display: block; margin: 20px 0; padding: 0; float: none; position: static; text-align: center;\"><img decoding=\"async\"  src=\"https:\/\/a.allegroimg.com\/original\/11d83c\/53ec6173427798fe31a4c9b8617a\/Rower-gorski-MTB-dzieciecy-Rockrider-Expl-500-26-Marka-Rockrider\" srcset=\"https:\/\/a.allegroimg.com\/original\/11d83c\/53ec6173427798fe31a4c9b8617a\/Rower-gorski-MTB-dzieciecy-Rockrider-Expl-500-26-Marka-Rockrider 360w,https:\/\/a.allegroimg.com\/original\/11d83c\/53ec6173427798fe31a4c9b8617a\/Rower-gorski-MTB-dzieciecy-Rockrider-Expl-500-26-Marka-Rockrider 400w,https:\/\/a.allegroimg.com\/original\/11d83c\/53ec6173427798fe31a4c9b8617a\/Rower-gorski-MTB-dzieciecy-Rockrider-Expl-500-26-Marka-Rockrider 400w\" sizes=\"100vw\" width=\"400px\" alt=\"Rower g\u00f3rski MTB dzieci\u0119cy Rockrider Expl 500 26&amp;quot; Marka Rockrider\" style=\"max-width: 100%; height: auto; display: block; margin: 0 auto;\"><\/div>\n<\/div>\n<\/div>\n<\/div>\n<\/div>\n<\/div>\n<div style=\"clear: both; display: block; margin: 10px 0;\">\n<div style=\"clear: both; display: block; margin: 10px 0;\">\n<div style=\"clear: both; display: block; margin: 10px 0;\">\n<div  style=\"max-width:400px;max-height:400px\">\n<div style=\"clear: both; display: block; margin: 10px 0;\">\n<div style=\"clear: both; width: 100%; display: block; margin: 20px 0; padding: 0; float: none; position: static; text-align: center;\"><img decoding=\"async\"  src=\"https:\/\/a.allegroimg.com\/original\/11b981\/44be62574370828ed4ab1a970fbb\/Rower-gorski-MTB-dzieciecy-Rockrider-Expl-500-26-Model-4719121\" srcset=\"https:\/\/a.allegroimg.com\/original\/11b981\/44be62574370828ed4ab1a970fbb\/Rower-gorski-MTB-dzieciecy-Rockrider-Expl-500-26-Model-4719121 360w,https:\/\/a.allegroimg.com\/original\/11b981\/44be62574370828ed4ab1a970fbb\/Rower-gorski-MTB-dzieciecy-Rockrider-Expl-500-26-Model-4719121 400w,https:\/\/a.allegroimg.com\/original\/11b981\/44be62574370828ed4ab1a970fbb\/Rower-gorski-MTB-dzieciecy-Rockrider-Expl-500-26-Model-4719121 400w\" sizes=\"(min-width: 1200px) 560px, (min-width: 992px) 50vw, 100vw\" width=\"400px\" alt=\"Rower g\u00f3rski MTB dzieci\u0119cy Rockrider Expl 500 26&amp;quot; Model 4719121\" style=\"max-width: 100%; height: auto; display: block; margin: 0 auto;\"><\/div>\n<\/div>\n<\/div>\n<\/div>\n<\/div>\n<div style=\"clear: both; display: block; margin: 10px 0;\">\n<div style=\"clear: both; display: block; margin: 10px 0;\">\n<div  style=\"max-width:400px;max-height:400px\">\n<div style=\"clear: both; display: block; margin: 10px 0;\">\n<div style=\"clear: both; width: 100%; display: block; margin: 20px 0; padding: 0; float: none; position: static; text-align: center;\"><img decoding=\"async\"  src=\"https:\/\/a.allegroimg.com\/original\/1127f4\/d3052cf448579629a964e319581b\/Rower-gorski-MTB-dzieciecy-Rockrider-Expl-500-26-Rozmiar-ramy-mniejsza\" srcset=\"https:\/\/a.allegroimg.com\/original\/1127f4\/d3052cf448579629a964e319581b\/Rower-gorski-MTB-dzieciecy-Rockrider-Expl-500-26-Rozmiar-ramy-mniejsza 360w,https:\/\/a.allegroimg.com\/original\/1127f4\/d3052cf448579629a964e319581b\/Rower-gorski-MTB-dzieciecy-Rockrider-Expl-500-26-Rozmiar-ramy-mniejsza 400w,https:\/\/a.allegroimg.com\/original\/1127f4\/d3052cf448579629a964e319581b\/Rower-gorski-MTB-dzieciecy-Rockrider-Expl-500-26-Rozmiar-ramy-mniejsza 400w\" sizes=\"(min-width: 1200px) 560px, (min-width: 992px) 50vw, 100vw\" width=\"400px\" alt=\"Rower g\u00f3rski MTB dzieci\u0119cy Rockrider Expl 500 26&amp;quot; Rozmiar ramy mniejsza\" style=\"max-width: 100%; height: auto; display: block; margin: 0 auto;\"><\/div>\n<\/div>\n<\/div>\n<\/div>\n<\/div>\n<\/div>\n<div style=\"clear: both; display: block; margin: 10px 0;\">\n<div style=\"clear: both; display: block; margin: 10px 0;\">\n<div style=\"clear: both; display: block; margin: 10px 0;\">\n<div  style=\"max-width:400px;max-height:400px\">\n<div style=\"clear: both; display: block; margin: 10px 0;\">\n<div style=\"clear: both; width: 100%; display: block; margin: 20px 0; padding: 0; float: none; position: static; text-align: center;\"><img decoding=\"async\"  src=\"https:\/\/a.allegroimg.com\/original\/11705b\/5fd6af564cb4b591f352877bc08d\/Rower-gorski-MTB-dzieciecy-Rockrider-Expl-500-26-Rozmiar-kola-26\" srcset=\"https:\/\/a.allegroimg.com\/original\/11705b\/5fd6af564cb4b591f352877bc08d\/Rower-gorski-MTB-dzieciecy-Rockrider-Expl-500-26-Rozmiar-kola-26 360w,https:\/\/a.allegroimg.com\/original\/11705b\/5fd6af564cb4b591f352877bc08d\/Rower-gorski-MTB-dzieciecy-Rockrider-Expl-500-26-Rozmiar-kola-26 400w,https:\/\/a.allegroimg.com\/original\/11705b\/5fd6af564cb4b591f352877bc08d\/Rower-gorski-MTB-dzieciecy-Rockrider-Expl-500-26-Rozmiar-kola-26 400w\" sizes=\"100vw\" width=\"400px\" alt=\"Rower g\u00f3rski MTB dzieci\u0119cy Rockrider Expl 500 26&amp;quot; Rozmiar ko\u0142a (&quot;) 26\" style=\"max-width: 100%; height: auto; display: block; margin: 0 auto;\"><\/div>\n<\/div>\n<\/div>\n<\/div>\n<\/div>\n<\/div>\n<div style=\"clear: both; display: block; margin: 10px 0;\">\n<div style=\"clear: both; display: block; margin: 10px 0;\">\n<div style=\"clear: both; display: block; margin: 10px 0;\">\n<div  style=\"max-width:400px;max-height:400px\">\n<div style=\"clear: both; display: block; margin: 10px 0;\">\n<div style=\"clear: both; width: 100%; display: block; margin: 20px 0; padding: 0; float: none; position: static; text-align: center;\"><img decoding=\"async\"  src=\"https:\/\/a.allegroimg.com\/original\/11be9e\/d5a50c6e450fb6dba6f8ea4bb327\/Rower-gorski-MTB-dzieciecy-Rockrider-Expl-500-26-Material-ramy-aluminium\" srcset=\"https:\/\/a.allegroimg.com\/original\/11be9e\/d5a50c6e450fb6dba6f8ea4bb327\/Rower-gorski-MTB-dzieciecy-Rockrider-Expl-500-26-Material-ramy-aluminium 360w,https:\/\/a.allegroimg.com\/original\/11be9e\/d5a50c6e450fb6dba6f8ea4bb327\/Rower-gorski-MTB-dzieciecy-Rockrider-Expl-500-26-Material-ramy-aluminium 400w,https:\/\/a.allegroimg.com\/original\/11be9e\/d5a50c6e450fb6dba6f8ea4bb327\/Rower-gorski-MTB-dzieciecy-Rockrider-Expl-500-26-Material-ramy-aluminium 400w\" sizes=\"(min-width: 1200px) 560px, (min-width: 992px) 50vw, 100vw\" width=\"400px\" alt=\"Rower g\u00f3rski MTB dzieci\u0119cy Rockrider Expl 500 26&amp;quot; Materia\u0142 ramy aluminium\" style=\"max-width: 100%; height: auto; display: block; margin: 0 auto;\"><\/div>\n<\/div>\n<\/div>\n<\/div>\n<\/div>\n<div style=\"clear: both; display: block; margin: 10px 0;\">\n<div style=\"clear: both; display: block; margin: 10px 0;\">\n<div  style=\"max-width:400px;max-height:400px\">\n<div style=\"clear: both; display: block; margin: 10px 0;\">\n<div style=\"clear: both; width: 100%; display: block; margin: 20px 0; padding: 0; float: none; position: static; text-align: center;\"><img decoding=\"async\"  src=\"https:\/\/a.allegroimg.com\/original\/111618\/a68fcce8424593db2b4f40d2b1ca\/Rower-gorski-MTB-dzieciecy-Rockrider-Expl-500-26-Kolor-zielony\" srcset=\"https:\/\/a.allegroimg.com\/original\/111618\/a68fcce8424593db2b4f40d2b1ca\/Rower-gorski-MTB-dzieciecy-Rockrider-Expl-500-26-Kolor-zielony 360w,https:\/\/a.allegroimg.com\/original\/111618\/a68fcce8424593db2b4f40d2b1ca\/Rower-gorski-MTB-dzieciecy-Rockrider-Expl-500-26-Kolor-zielony 400w,https:\/\/a.allegroimg.com\/original\/111618\/a68fcce8424593db2b4f40d2b1ca\/Rower-gorski-MTB-dzieciecy-Rockrider-Expl-500-26-Kolor-zielony 400w\" sizes=\"(min-width: 1200px) 560px, (min-width: 992px) 50vw, 100vw\" width=\"400px\" alt=\"Rower g\u00f3rski MTB dzieci\u0119cy Rockrider Expl 500 26&amp;quot; Kolor zielony\" style=\"max-width: 100%; height: auto; display: block; margin: 0 auto;\"><\/div>\n<\/div>\n<\/div>\n<\/div>\n<\/div>\n<\/div>\n<div style=\"clear: both; display: block; margin: 10px 0;\">\n<div style=\"clear: both; display: block; margin: 10px 0;\">\n<div style=\"clear: both; display: block; margin: 10px 0;\">\n<div  style=\"max-width:400px;max-height:400px\">\n<div style=\"clear: both; display: block; margin: 10px 0;\">\n<div style=\"clear: both; width: 100%; display: block; margin: 20px 0; padding: 0; float: none; position: static; text-align: center;\"><img decoding=\"async\"  src=\"https:\/\/a.allegroimg.com\/original\/11b262\/eb7c9a84454bbc50468e540a6a14\/Rower-gorski-MTB-dzieciecy-Rockrider-Expl-500-26-Liczba-biegow-7\" srcset=\"https:\/\/a.allegroimg.com\/original\/11b262\/eb7c9a84454bbc50468e540a6a14\/Rower-gorski-MTB-dzieciecy-Rockrider-Expl-500-26-Liczba-biegow-7 360w,https:\/\/a.allegroimg.com\/original\/11b262\/eb7c9a84454bbc50468e540a6a14\/Rower-gorski-MTB-dzieciecy-Rockrider-Expl-500-26-Liczba-biegow-7 400w,https:\/\/a.allegroimg.com\/original\/11b262\/eb7c9a84454bbc50468e540a6a14\/Rower-gorski-MTB-dzieciecy-Rockrider-Expl-500-26-Liczba-biegow-7 400w\" sizes=\"100vw\" width=\"400px\" alt=\"Rower g\u00f3rski MTB dzieci\u0119cy Rockrider Expl 500 26&amp;quot; Liczba bieg\u00f3w 7\" style=\"max-width: 100%; height: auto; display: block; margin: 0 auto;\"><\/div>\n<\/div>\n<\/div>\n<\/div>\n<\/div>\n<\/div>\n<\/div>\n<\/div>\n<\/div>\n<div style=\"clear: both; display: block; margin: 10px 0;\">\n","protected":false},"excerpt":{"rendered":"<p>Rower g\u00f3rski MTB dzieci\u0119cy Rockrider Expl 500 26&quot;<\/p>\n<p>Stworzyli\u015bmy ten rower g\u00f3rski dla dzieci od 9 do 12 lat (135 do 155 cm) do regularnej jazdy MTB i \u0142atwego pokonywania przeszk\u00f3d. Mo\u017cesz jecha\u0107 wsz\u0119dzie, przy mniejszym wysi\u0142ku! Wi\u0119ksze ko\u0142a tego MTB pozwalaj\u0105 nieustraszonym m\u0142odym kolarzom mierzy\u0107 si\u0119 z trudnym terenem. Komfortowy: wi\u0119kszy dystans przy ka\u017cdym obrocie korb.<\/p>\n","protected":false},"featured_media":14515,"template":"","meta":{"_uag_custom_page_level_css":""},"product_brand":[735],"product_cat":[728,688,687,732],"product_tag":[],"class_list":{"0":"post-14514","1":"product","2":"type-product","3":"status-publish","4":"has-post-thumbnail","6":"product_brand-rockrider","7":"product_cat-mtb-gorskie","8":"product_cat-rowery","9":"product_cat-rowery-i-akcesoria","10":"product_cat-rowery-mtb-gorskie-26-cali","12":"first","13":"instock","14":"sale","15":"shipping-taxable","16":"purchasable","17":"product-type-simple"},"uagb_featured_image_src":{"full":["https:\/\/bikario.shop\/ro64\/wp-content\/uploads\/2026\/02\/allegro-image-14514.jpg",400,400,false],"thumbnail":["https:\/\/bikario.shop\/ro64\/wp-content\/uploads\/2026\/02\/allegro-image-14514-150x150.jpg",150,150,true],"medium":["https:\/\/bikario.shop\/ro64\/wp-content\/uploads\/2026\/02\/allegro-image-14514-300x300.jpg",300,300,true],"medium_large":["https:\/\/bikario.shop\/ro64\/wp-content\/uploads\/2026\/02\/allegro-image-14514.jpg",400,400,false],"large":["https:\/\/bikario.shop\/ro64\/wp-content\/uploads\/2026\/02\/allegro-image-14514.jpg",400,400,false],"1536x1536":["https:\/\/bikario.shop\/ro64\/wp-content\/uploads\/2026\/02\/allegro-image-14514.jpg",400,400,false],"2048x2048":["https:\/\/bikario.shop\/ro64\/wp-content\/uploads\/2026\/02\/allegro-image-14514.jpg",400,400,false],"woocommerce_thumbnail":["https:\/\/bikario.shop\/ro64\/wp-content\/uploads\/2026\/02\/allegro-image-14514-300x300.jpg",300,300,true],"woocommerce_single":["https:\/\/bikario.shop\/ro64\/wp-content\/uploads\/2026\/02\/allegro-image-14514.jpg",400,400,false],"woocommerce_gallery_thumbnail":["https:\/\/bikario.shop\/ro64\/wp-content\/uploads\/2026\/02\/allegro-image-14514-100x100.jpg",100,100,true]},"uagb_author_info":{"display_name":"admin","author_link":"https:\/\/bikario.shop\/ro64\/author\/"},"uagb_comment_info":0,"uagb_excerpt":"Rower g\u00f3rski MTB dzieci\u0119cy Rockrider Expl 500 26&quot; Stworzyli\u015bmy ten rower g\u00f3rski dla dzieci od 9 do 12 lat (135 do 155 cm) do regularnej jazdy MTB i \u0142atwego pokonywania przeszk\u00f3d. Mo\u017cesz jecha\u0107 wsz\u0119dzie, przy mniejszym wysi\u0142ku! Wi\u0119ksze ko\u0142a tego MTB pozwalaj\u0105 nieustraszonym m\u0142odym kolarzom mierzy\u0107 si\u0119 z trudnym terenem. Komfortowy: wi\u0119kszy dystans przy ka\u017cdym&hellip;","_links":{"self":[{"href":"https:\/\/bikario.shop\/ro64\/wp-json\/wp\/v2\/product\/14514","targetHints":{"allow":["GET"]}}],"collection":[{"href":"https:\/\/bikario.shop\/ro64\/wp-json\/wp\/v2\/product"}],"about":[{"href":"https:\/\/bikario.shop\/ro64\/wp-json\/wp\/v2\/types\/product"}],"wp:featuredmedia":[{"embeddable":true,"href":"https:\/\/bikario.shop\/ro64\/wp-json\/wp\/v2\/media\/14515"}],"wp:attachment":[{"href":"https:\/\/bikario.shop\/ro64\/wp-json\/wp\/v2\/media?parent=14514"}],"wp:term":[{"taxonomy":"product_brand","embeddable":true,"href":"https:\/\/bikario.shop\/ro64\/wp-json\/wp\/v2\/product_brand?post=14514"},{"taxonomy":"product_cat","embeddable":true,"href":"https:\/\/bikario.shop\/ro64\/wp-json\/wp\/v2\/product_cat?post=14514"},{"taxonomy":"product_tag","embeddable":true,"href":"https:\/\/bikario.shop\/ro64\/wp-json\/wp\/v2\/product_tag?post=14514"}],"curies":[{"name":"wp","href":"https:\/\/api.w.org\/{rel}","templated":true}]}}