{"id":14518,"date":"2026-02-26T04:37:33","date_gmt":"2026-02-26T03:37:33","guid":{"rendered":"https:\/\/rowermax.shop\/ro64\/produkt\/rower-gorski-mtb-turystyczny-rockrider-expl-50-2\/"},"modified":"2026-02-26T04:37:33","modified_gmt":"2026-02-26T03:37:33","slug":"rower-gorski-mtb-turystyczny-rockrider-expl-50-2","status":"publish","type":"product","link":"https:\/\/bikario.shop\/ro64\/produkt\/rower-gorski-mtb-turystyczny-rockrider-expl-50-2\/","title":{"rendered":"Rower g\u00f3rski MTB turystyczny Rockrider Expl 50"},"content":{"rendered":"<div style=\"font-family: Arial, sans-serif; line-height: 1.6; color: #333; padding: 20px; clear: both; display: block; width: 100%; float: none; position: static; overflow: hidden;\">\n<div style=\"clear: both; display: block; margin: 10px 0;\">\n<div style=\"clear: both; display: block; margin: 10px 0;\">\n<div style=\"clear: both; display: block; margin: 10px 0;\">\n<h2>Rower g\u00f3rski MTB turystyczny Rockrider Expl 50<\/h2>\n<h3 style=\"color: #2c5aa0; font-size: 18px; margin: 30px 0 15px 0; font-weight: bold; clear: both; display: block; width: 100%; float: none; position: static;\">Rower MTB 27,5&#8243; przeznaczony na pierwsze przeja\u017cd\u017cki MTB, w bezdeszczowe dni do 1,5 h. Skuteczno\u015b\u0107? Solidno\u015b\u0107? Mo\u017cesz mie\u0107 obie! Bez trudu pokonuj pierwsze przeszkody: lekka, aluminiowa rama i ko\u0142a 27,5&#8243; na dwukomorowych obr\u0119czach.<\/h3>\n<\/div>\n<\/div>\n<\/div>\n<div style=\"clear: both; display: block; margin: 10px 0;\">\n<div style=\"clear: both; display: block; margin: 10px 0;\">\n<div style=\"clear: both; display: block; margin: 10px 0;\">\n<div  style=\"max-width:400px;max-height:400px\">\n<div style=\"clear: both; display: block; margin: 10px 0;\">\n<div style=\"clear: both; width: 100%; display: block; margin: 20px 0; padding: 0; float: none; position: static; text-align: center;\"><img decoding=\"async\"  src=\"https:\/\/a.allegroimg.com\/original\/11e87d\/4b9107dd41ae8922a6fa4bbdcc24\/Rower-gorski-MTB-turystyczny-Rockrider-Expl-50\" srcset=\"https:\/\/a.allegroimg.com\/original\/11e87d\/4b9107dd41ae8922a6fa4bbdcc24\/Rower-gorski-MTB-turystyczny-Rockrider-Expl-50 360w,https:\/\/a.allegroimg.com\/original\/11e87d\/4b9107dd41ae8922a6fa4bbdcc24\/Rower-gorski-MTB-turystyczny-Rockrider-Expl-50 400w,https:\/\/a.allegroimg.com\/original\/11e87d\/4b9107dd41ae8922a6fa4bbdcc24\/Rower-gorski-MTB-turystyczny-Rockrider-Expl-50 400w\" sizes=\"(min-width: 1200px) 560px, (min-width: 992px) 50vw, 100vw\" width=\"400px\" alt=\"Rower g\u00f3rski MTB turystyczny Rockrider Expl 50\" style=\"max-width: 100%; height: auto; display: block; margin: 0 auto;\"><\/div>\n<\/div>\n<\/div>\n<\/div>\n<\/div>\n<div style=\"clear: both; display: block; margin: 10px 0;\">\n<div style=\"clear: both; display: block; margin: 10px 0;\">\n<h3 style=\"color: #2c5aa0; font-size: 18px; margin: 30px 0 15px 0; font-weight: bold; clear: both; display: block; width: 100%; float: none; position: static;\">S: 15,4 kg, M: 15,5 kg, L: 15,6 kg, XL: 15,8 kg.<\/h3>\n<\/div>\n<\/div>\n<\/div>\n<div style=\"clear: both; display: block; margin: 10px 0;\">\n<div style=\"clear: both; display: block; margin: 10px 0;\">\n<div style=\"clear: both; display: block; margin: 10px 0;\">\n<p style=\"margin: 15px 0; line-height: 1.8; clear: both; display: block; width: 100%; float: none; position: static;\">Z mocno nachylon\u0105 g\u00f3rn\u0105 rur\u0105 ramy i bardzo szerokim zakresem rozmiar\u00f3w (wzrost od S: 150 cm do XL: 200 cm).  Rama roweru EXPLORE 50 jest uniwersalna.<\/p>\n<\/div>\n<\/div>\n<div style=\"clear: both; display: block; margin: 10px 0;\">\n<div style=\"clear: both; display: block; margin: 10px 0;\">\n<div  style=\"max-width:400px;max-height:400px\">\n<div style=\"clear: both; display: block; margin: 10px 0;\">\n<div style=\"clear: both; width: 100%; display: block; margin: 20px 0; padding: 0; float: none; position: static; text-align: center;\"><img decoding=\"async\"  src=\"https:\/\/a.allegroimg.com\/original\/11216f\/261ca2a044daaed34de4e264ee01\/Rower-gorski-MTB-turystyczny-Rockrider-Expl-50-Stan-opakowania-oryginalne\" srcset=\"https:\/\/a.allegroimg.com\/original\/11216f\/261ca2a044daaed34de4e264ee01\/Rower-gorski-MTB-turystyczny-Rockrider-Expl-50-Stan-opakowania-oryginalne 360w,https:\/\/a.allegroimg.com\/original\/11216f\/261ca2a044daaed34de4e264ee01\/Rower-gorski-MTB-turystyczny-Rockrider-Expl-50-Stan-opakowania-oryginalne 400w,https:\/\/a.allegroimg.com\/original\/11216f\/261ca2a044daaed34de4e264ee01\/Rower-gorski-MTB-turystyczny-Rockrider-Expl-50-Stan-opakowania-oryginalne 400w\" sizes=\"(min-width: 1200px) 560px, (min-width: 992px) 50vw, 100vw\" width=\"400px\" alt=\"Rower g\u00f3rski MTB turystyczny Rockrider Expl 50 Stan opakowania oryginalne\" style=\"max-width: 100%; height: auto; display: block; margin: 0 auto;\"><\/div>\n<\/div>\n<\/div>\n<\/div>\n<\/div>\n<\/div>\n<div style=\"clear: both; display: block; margin: 10px 0;\">\n<div style=\"clear: both; display: block; margin: 10px 0;\">\n<div style=\"clear: both; display: block; margin: 10px 0;\">\n<div  style=\"max-width:400px;max-height:400px\">\n<div style=\"clear: both; display: block; margin: 10px 0;\">\n<div style=\"clear: both; width: 100%; display: block; margin: 20px 0; padding: 0; float: none; position: static; text-align: center;\"><img decoding=\"async\"  src=\"https:\/\/a.allegroimg.com\/original\/11017f\/beb972c64cd1a71f51fd06125545\/Rower-gorski-MTB-turystyczny-Rockrider-Expl-50-Stopien-zlozenia-wstepnie-zlozony-wyregulowany\" srcset=\"https:\/\/a.allegroimg.com\/original\/11017f\/beb972c64cd1a71f51fd06125545\/Rower-gorski-MTB-turystyczny-Rockrider-Expl-50-Stopien-zlozenia-wstepnie-zlozony-wyregulowany 360w,https:\/\/a.allegroimg.com\/original\/11017f\/beb972c64cd1a71f51fd06125545\/Rower-gorski-MTB-turystyczny-Rockrider-Expl-50-Stopien-zlozenia-wstepnie-zlozony-wyregulowany 400w,https:\/\/a.allegroimg.com\/original\/11017f\/beb972c64cd1a71f51fd06125545\/Rower-gorski-MTB-turystyczny-Rockrider-Expl-50-Stopien-zlozenia-wstepnie-zlozony-wyregulowany 400w\" sizes=\"(min-width: 1200px) 560px, (min-width: 992px) 50vw, 100vw\" width=\"400px\" alt=\"Rower g\u00f3rski MTB turystyczny Rockrider Expl 50 Stopie\u0144 z\u0142o\u017cenia wst\u0119pnie z\u0142o\u017cony, wyregulowany\" style=\"max-width: 100%; height: auto; display: block; margin: 0 auto;\"><\/div>\n<\/div>\n<\/div>\n<\/div>\n<\/div>\n<div style=\"clear: both; display: block; margin: 10px 0;\">\n<div style=\"clear: both; display: block; margin: 10px 0;\">\n<p style=\"margin: 15px 0; line-height: 1.8; clear: both; display: block; width: 100%; float: none; position: static;\">Nie zawsze \u0142atwo jest wsi\u0105\u015b\u0107 na rower MTB. Nasi projektanci stworzyli now\u0105 ram\u0119, przez kt\u00f3r\u0105 \u0142atwo jest prze\u0142o\u017cy\u0107 nog\u0119.  Rama CGF (Confort Geometry Frame) w 100% z aluminium jest jednocze\u015bnie wygodna i sterowna. Jej nachylenie pomy\u015blane jest tak, aby plecy pozosta\u0142y proste, a dolne rury tylnych wide\u0142ek zosta\u0142y skr\u00f3cone, co zapewnia zwrotno\u015b\u0107 roweru w zakr\u0119tach.<\/p>\n<\/div>\n<\/div>\n<\/div>\n<div style=\"clear: both; display: block; margin: 10px 0;\">\n<div style=\"clear: both; display: block; margin: 10px 0;\">\n<div style=\"clear: both; display: block; margin: 10px 0;\">\n<p style=\"margin: 15px 0; line-height: 1.8; clear: both; display: block; width: 100%; float: none; position: static;\">3 tarcze po 7 bieg\u00f3w czyli 21 prze\u0142o\u017ce\u0144! 2 \u0142atwe w obs\u0142udze obrotowe manetki. Po lewej: prze\u0142\u0105czasz na zjazd \/ podjazd. Po prawej: bardziej precyzyjnie dostosowujesz prze\u0142o\u017cenie. W szczeg\u00f3\u0142ach:  &#8211; Trzy tarcze 22, 32 i 42 z\u0119by + os\u0142ona przed smarem; &#8211; Przednia przerzutka MICROSHIFT FD-M20; &#8211; Tylna przerzutka MICROSHIFT RD-M25; &#8211; Obrotowe manetki MICROSHIFT MS25, ze wska\u017anikami prze\u0142o\u017ce\u0144; &#8211; Kaseta WHEELTOP lub SHIMANO TZ500 7-rz\u0119dowa, 14 do 28 z\u0119b\u00f3w; &#8211; Szeroki i solidny \u0142a\u0144cuch KMC Z51.<\/p>\n<\/div>\n<\/div>\n<div style=\"clear: both; display: block; margin: 10px 0;\">\n<div style=\"clear: both; display: block; margin: 10px 0;\">\n<div  style=\"max-width:400px;max-height:400px\">\n<div style=\"clear: both; display: block; margin: 10px 0;\">\n<div style=\"clear: both; width: 100%; display: block; margin: 20px 0; padding: 0; float: none; position: static; text-align: center;\"><img decoding=\"async\"  src=\"https:\/\/a.allegroimg.com\/original\/11ca36\/61b514ee405ab16385fdd34dc057\/Rower-gorski-MTB-turystyczny-Rockrider-Expl-50-Kod-producenta-4650096\" srcset=\"https:\/\/a.allegroimg.com\/original\/11ca36\/61b514ee405ab16385fdd34dc057\/Rower-gorski-MTB-turystyczny-Rockrider-Expl-50-Kod-producenta-4650096 360w,https:\/\/a.allegroimg.com\/original\/11ca36\/61b514ee405ab16385fdd34dc057\/Rower-gorski-MTB-turystyczny-Rockrider-Expl-50-Kod-producenta-4650096 400w,https:\/\/a.allegroimg.com\/original\/11ca36\/61b514ee405ab16385fdd34dc057\/Rower-gorski-MTB-turystyczny-Rockrider-Expl-50-Kod-producenta-4650096 400w\" sizes=\"(min-width: 1200px) 560px, (min-width: 992px) 50vw, 100vw\" width=\"400px\" alt=\"Rower g\u00f3rski MTB turystyczny Rockrider Expl 50 Kod producenta 4650096\" style=\"max-width: 100%; height: auto; display: block; margin: 0 auto;\"><\/div>\n<\/div>\n<\/div>\n<\/div>\n<\/div>\n<\/div>\n<div style=\"clear: both; display: block; margin: 10px 0;\">\n<div style=\"clear: both; display: block; margin: 10px 0;\">\n<div style=\"clear: both; display: block; margin: 10px 0;\">\n<div  style=\"max-width:400px;max-height:400px\">\n<div style=\"clear: both; display: block; margin: 10px 0;\">\n<div style=\"clear: both; width: 100%; display: block; margin: 20px 0; padding: 0; float: none; position: static; text-align: center;\"><img decoding=\"async\"  src=\"https:\/\/a.allegroimg.com\/original\/11022d\/2c38edc94b9eb83b0fe22a387dce\/Rower-gorski-MTB-turystyczny-Rockrider-Expl-50-Marka-Rockrider\" srcset=\"https:\/\/a.allegroimg.com\/original\/11022d\/2c38edc94b9eb83b0fe22a387dce\/Rower-gorski-MTB-turystyczny-Rockrider-Expl-50-Marka-Rockrider 360w,https:\/\/a.allegroimg.com\/original\/11022d\/2c38edc94b9eb83b0fe22a387dce\/Rower-gorski-MTB-turystyczny-Rockrider-Expl-50-Marka-Rockrider 400w,https:\/\/a.allegroimg.com\/original\/11022d\/2c38edc94b9eb83b0fe22a387dce\/Rower-gorski-MTB-turystyczny-Rockrider-Expl-50-Marka-Rockrider 400w\" sizes=\"100vw\" width=\"400px\" alt=\"Rower g\u00f3rski MTB turystyczny Rockrider Expl 50 Marka Rockrider\" style=\"max-width: 100%; height: auto; display: block; margin: 0 auto;\"><\/div>\n<\/div>\n<\/div>\n<\/div>\n<\/div>\n<\/div>\n<div style=\"clear: both; display: block; margin: 10px 0;\">\n<div style=\"clear: both; display: block; margin: 10px 0;\">\n<div style=\"clear: both; display: block; margin: 10px 0;\">\n<div  style=\"max-width:400px;max-height:400px\">\n<div style=\"clear: both; display: block; margin: 10px 0;\">\n<div style=\"clear: both; width: 100%; display: block; margin: 20px 0; padding: 0; float: none; position: static; text-align: center;\"><img decoding=\"async\"  src=\"https:\/\/a.allegroimg.com\/original\/113191\/8c7e09e94864bfef6aee39608d1f\/Rower-gorski-MTB-turystyczny-Rockrider-Expl-50-Model-4650096\" srcset=\"https:\/\/a.allegroimg.com\/original\/113191\/8c7e09e94864bfef6aee39608d1f\/Rower-gorski-MTB-turystyczny-Rockrider-Expl-50-Model-4650096 360w,https:\/\/a.allegroimg.com\/original\/113191\/8c7e09e94864bfef6aee39608d1f\/Rower-gorski-MTB-turystyczny-Rockrider-Expl-50-Model-4650096 400w,https:\/\/a.allegroimg.com\/original\/113191\/8c7e09e94864bfef6aee39608d1f\/Rower-gorski-MTB-turystyczny-Rockrider-Expl-50-Model-4650096 400w\" sizes=\"100vw\" width=\"400px\" alt=\"Rower g\u00f3rski MTB turystyczny Rockrider Expl 50 Model 4650096\" style=\"max-width: 100%; height: auto; display: block; margin: 0 auto;\"><\/div>\n<\/div>\n<\/div>\n<\/div>\n<\/div>\n<\/div>\n<div style=\"clear: both; display: block; margin: 10px 0;\">\n<div style=\"clear: both; display: block; margin: 10px 0;\">\n<div style=\"clear: both; display: block; margin: 10px 0;\">\n<div  style=\"max-width:400px;max-height:400px\">\n<div style=\"clear: both; display: block; margin: 10px 0;\">\n<div style=\"clear: both; width: 100%; display: block; margin: 20px 0; padding: 0; float: none; position: static; text-align: center;\"><img decoding=\"async\"  src=\"https:\/\/a.allegroimg.com\/original\/111011\/72dfa0ce4c33af496ad646eb4166\/Rower-gorski-MTB-turystyczny-Rockrider-Expl-50-Rozmiar-ramy-L\" srcset=\"https:\/\/a.allegroimg.com\/original\/111011\/72dfa0ce4c33af496ad646eb4166\/Rower-gorski-MTB-turystyczny-Rockrider-Expl-50-Rozmiar-ramy-L 360w,https:\/\/a.allegroimg.com\/original\/111011\/72dfa0ce4c33af496ad646eb4166\/Rower-gorski-MTB-turystyczny-Rockrider-Expl-50-Rozmiar-ramy-L 400w,https:\/\/a.allegroimg.com\/original\/111011\/72dfa0ce4c33af496ad646eb4166\/Rower-gorski-MTB-turystyczny-Rockrider-Expl-50-Rozmiar-ramy-L 400w\" sizes=\"100vw\" width=\"400px\" alt=\"Rower g\u00f3rski MTB turystyczny Rockrider Expl 50 Rozmiar ramy L\" style=\"max-width: 100%; height: auto; display: block; margin: 0 auto;\"><\/div>\n<\/div>\n<\/div>\n<\/div>\n<\/div>\n<\/div>\n<\/div>\n<\/div>\n<\/div>\n<div style=\"clear: both; display: block; margin: 10px 0;\">\n","protected":false},"excerpt":{"rendered":"<p>Rower g\u00f3rski MTB turystyczny Rockrider Expl 50<\/p>\n<p>Rower MTB 27,5&quot; przeznaczony na pierwsze przeja\u017cd\u017cki MTB, w bezdeszczowe dni do 1,5 h. Skuteczno\u015b\u0107? Solidno\u015b\u0107? Mo\u017cesz mie\u0107 obie! Bez trudu pokonuj pierwsze przeszkody: lekka, aluminiowa rama i ko\u0142a 27,5&quot; na dwukomorowych obr\u0119czach.<\/p>\n<p>S: 15,4 kg, M: 15,5 kg, L: 15,6 kg, XL: 15,8 kg.<\/p>\n<p>Z mocno nachylon\u0105 g\u00f3rn\u0105 rur\u0105 ramy i bardzo szerokim zakresem rozmiar\u00f3w (wzrost od S: 150 cm do XL: 200 cm). Rama roweru EXPLORE 50 jest uniwersalna.<\/p>\n","protected":false},"featured_media":14519,"template":"","meta":{"_uag_custom_page_level_css":""},"product_brand":[735],"product_cat":[728,688,687,734],"product_tag":[],"class_list":{"0":"post-14518","1":"product","2":"type-product","3":"status-publish","4":"has-post-thumbnail","6":"product_brand-rockrider","7":"product_cat-mtb-gorskie","8":"product_cat-rowery","9":"product_cat-rowery-i-akcesoria","10":"product_cat-rowery-mtb-gorskie-275-cali","12":"first","13":"instock","14":"sale","15":"shipping-taxable","16":"purchasable","17":"product-type-simple"},"uagb_featured_image_src":{"full":["https:\/\/bikario.shop\/ro64\/wp-content\/uploads\/2026\/02\/allegro-image-14518.jpg",400,400,false],"thumbnail":["https:\/\/bikario.shop\/ro64\/wp-content\/uploads\/2026\/02\/allegro-image-14518-150x150.jpg",150,150,true],"medium":["https:\/\/bikario.shop\/ro64\/wp-content\/uploads\/2026\/02\/allegro-image-14518-300x300.jpg",300,300,true],"medium_large":["https:\/\/bikario.shop\/ro64\/wp-content\/uploads\/2026\/02\/allegro-image-14518.jpg",400,400,false],"large":["https:\/\/bikario.shop\/ro64\/wp-content\/uploads\/2026\/02\/allegro-image-14518.jpg",400,400,false],"1536x1536":["https:\/\/bikario.shop\/ro64\/wp-content\/uploads\/2026\/02\/allegro-image-14518.jpg",400,400,false],"2048x2048":["https:\/\/bikario.shop\/ro64\/wp-content\/uploads\/2026\/02\/allegro-image-14518.jpg",400,400,false],"woocommerce_thumbnail":["https:\/\/bikario.shop\/ro64\/wp-content\/uploads\/2026\/02\/allegro-image-14518-300x300.jpg",300,300,true],"woocommerce_single":["https:\/\/bikario.shop\/ro64\/wp-content\/uploads\/2026\/02\/allegro-image-14518.jpg",400,400,false],"woocommerce_gallery_thumbnail":["https:\/\/bikario.shop\/ro64\/wp-content\/uploads\/2026\/02\/allegro-image-14518-100x100.jpg",100,100,true]},"uagb_author_info":{"display_name":"admin","author_link":"https:\/\/bikario.shop\/ro64\/author\/"},"uagb_comment_info":0,"uagb_excerpt":"Rower g\u00f3rski MTB turystyczny Rockrider Expl 50 Rower MTB 27,5&quot; przeznaczony na pierwsze przeja\u017cd\u017cki MTB, w bezdeszczowe dni do 1,5 h. Skuteczno\u015b\u0107? Solidno\u015b\u0107? Mo\u017cesz mie\u0107 obie! Bez trudu pokonuj pierwsze przeszkody: lekka, aluminiowa rama i ko\u0142a 27,5&quot; na dwukomorowych obr\u0119czach. S: 15,4 kg, M: 15,5 kg, L: 15,6 kg, XL: 15,8 kg. Z mocno nachylon\u0105&hellip;","_links":{"self":[{"href":"https:\/\/bikario.shop\/ro64\/wp-json\/wp\/v2\/product\/14518","targetHints":{"allow":["GET"]}}],"collection":[{"href":"https:\/\/bikario.shop\/ro64\/wp-json\/wp\/v2\/product"}],"about":[{"href":"https:\/\/bikario.shop\/ro64\/wp-json\/wp\/v2\/types\/product"}],"wp:featuredmedia":[{"embeddable":true,"href":"https:\/\/bikario.shop\/ro64\/wp-json\/wp\/v2\/media\/14519"}],"wp:attachment":[{"href":"https:\/\/bikario.shop\/ro64\/wp-json\/wp\/v2\/media?parent=14518"}],"wp:term":[{"taxonomy":"product_brand","embeddable":true,"href":"https:\/\/bikario.shop\/ro64\/wp-json\/wp\/v2\/product_brand?post=14518"},{"taxonomy":"product_cat","embeddable":true,"href":"https:\/\/bikario.shop\/ro64\/wp-json\/wp\/v2\/product_cat?post=14518"},{"taxonomy":"product_tag","embeddable":true,"href":"https:\/\/bikario.shop\/ro64\/wp-json\/wp\/v2\/product_tag?post=14518"}],"curies":[{"name":"wp","href":"https:\/\/api.w.org\/{rel}","templated":true}]}}